{"id":334,"date":"2017-02-25T13:17:02","date_gmt":"2017-02-25T13:17:02","guid":{"rendered":"http:\/\/snow-club.dv.themerex.net\/?page_id=334"},"modified":"2021-11-22T23:00:30","modified_gmt":"2021-11-22T22:00:30","slug":"about-us","status":"publish","type":"page","link":"https:\/\/www.zoldoskiteam.it\/?page_id=334","title":{"rendered":"Chi siamo"},"content":{"rendered":"<div class=\"wpb-content-wrapper\"><p>[vc_row full_width=&#8221;stretch_row_content_no_spaces&#8221; gap=&#8221;30&#8243; css_animation=&#8221;fadeInRight&#8221;][vc_column width=&#8221;6\/12&#8243;][vc_empty_space height=&#8221;8.8em&#8221; alter_height=&#8221;none&#8221; hide_on_mobile=&#8221;&#8221;]<div id=\"sc_content_265554059\"\r\n\t\tclass=\"sc_content sc_content_default sc_float_right sc_content_width_1_2\"><h6 class=\"sc_item_subtitle sc_content_subtitle sc_align_left sc_item_title_style_default  sc_item_title_tag_h1\">uno sci club<\/h6><h1 class=\"sc_item_title sc_content_title sc_align_left sc_item_title_style_default sc_item_title_tag\">tutto nuovo<\/h1><div class=\"sc_item_descr sc_content_descr sc_align_left\">\u201cZoldo Ski Team - associazione sportiva dilettantistica\u201d \u00e8 uno sci club, affiliato alla FISI ed iscritto al CONI, nato nel 2014 in Val di Zoldo (BL) per iniziativa di alcuni genitori uniti dal comune interesse di formare una squadra di bambini e ragazzi con lo scopo di insegnare loro a sciare e ad amare la montagna, in un clima di rispetto, trasparenza, collaborazione, uguaglianza, solidariet\u00e0 ed amicizia, con l\u2019ausilio di maestri preparati ed ispirati agli stessi principi.<\/div><div class=\"sc_content_container\"><\/div><\/div><!-- \/.sc_content -->[\/vc_column][vc_column width=&#8221;1\/2&#8243; offset=&#8221;vc_hidden-xs&#8221;][vc_empty_space height=&#8221;9.3em&#8221; alter_height=&#8221;none&#8221; hide_on_mobile=&#8221;&#8221;][vc_single_image image=&#8221;1917&#8243; img_size=&#8221;full&#8221; css=&#8221;.vc_custom_1637615278979{margin-right: -20% !important;}&#8221;][\/vc_column][\/vc_row][vc_row][vc_column][vc_empty_space height=&#8221;1.3em&#8221; alter_height=&#8221;none&#8221; hide_on_mobile=&#8221;&#8221;][\/vc_column][\/vc_row][vc_row css_animation=&#8221;fadeInLeft&#8221;][vc_column][vc_empty_space height=&#8221;4em&#8221; alter_height=&#8221;none&#8221; hide_on_mobile=&#8221;&#8221;][vc_empty_space height=&#8221;4em&#8221; alter_height=&#8221;none&#8221; hide_on_mobile=&#8221;&#8221;]<div id=\"sc_title_1568034718\"\r\n\t\tclass=\"sc_title sc_title_default\"><h6 class=\"sc_item_subtitle sc_title_subtitle sc_align_center sc_item_title_style_default  sc_item_title_tag_h2\">sulle orme del<\/h6><h2 class=\"sc_item_title sc_title_title sc_align_center sc_item_title_style_default sc_item_title_tag\">dinosauro<\/h2><\/div><!-- \/.sc_title -->[\/vc_column][\/vc_row][vc_row full_width=&#8221;stretch_row_content_no_spaces&#8221; css_animation=&#8221;fadeInLeft&#8221;][vc_column width=&#8221;1\/12&#8243; offset=&#8221;vc_hidden-md vc_hidden-sm vc_hidden-xs&#8221;][\/vc_column][vc_column offset=&#8221;vc_col-lg-5 vc_col-md-6&#8243;][vc_empty_space height=&#8221;3em&#8221; alter_height=&#8221;none&#8221; hide_on_mobile=&#8221;&#8221;][vc_empty_space height=&#8221;4.2em&#8221; alter_height=&#8221;none&#8221; hide_on_mobile=&#8221;1,2&#8243;]<div id=\"sc_title_1878150193\"\r\n\t\tclass=\"sc_title sc_title_underline\"><h6 class=\"sc_item_subtitle sc_title_subtitle sc_align_center sc_item_title_style_underline  sc_item_title_tag_h4\">l'azzurro<\/h6><h4 class=\"sc_item_title sc_title_title sc_align_center sc_item_title_style_underline sc_item_title_tag\">e il giallo<\/h4><div class=\"sc_item_descr sc_title_descr sc_align_center\">Il Logo \u00e8 stato scelto dai bambini e ragazzi tra diverse soluzioni, esso rappresenta il Pelmo, che domina la Valle, con sopra un piccolo dinosauro, le cui orme sono visibili sulle pendici e la cui collocazione in cima al monte sta a significare che per lo sci club prima di tutto vengono gli stessi bambini e ragazzi.<br \/>\nI colori della divisa, scelti allo stesso modo dai bambini e ragazzi, sono l\u2019 azzurro e il giallo.<\/div><\/div><!-- \/.sc_title -->[\/vc_column][vc_column offset=&#8221;vc_col-lg-5 vc_col-md-6&#8243;][vc_single_image image=&#8221;1914&#8243; img_size=&#8221;full&#8221; alignment=&#8221;right&#8221;][\/vc_column][\/vc_row][vc_row full_width=&#8221;stretch_row_content_no_spaces&#8221; css_animation=&#8221;fadeInRight&#8221;][vc_column width=&#8221;1\/12&#8243; offset=&#8221;vc_hidden-md vc_hidden-sm vc_hidden-xs&#8221;][\/vc_column][vc_column offset=&#8221;vc_col-lg-5 vc_col-md-6&#8243;][vc_empty_space height=&#8221;3em&#8221; alter_height=&#8221;none&#8221; hide_on_mobile=&#8221;&#8221;][vc_empty_space height=&#8221;4.2em&#8221; alter_height=&#8221;none&#8221; hide_on_mobile=&#8221;1,2&#8243;][vc_single_image image=&#8221;1926&#8243; img_size=&#8221;full&#8221; alignment=&#8221;right&#8221;][\/vc_column][vc_column offset=&#8221;vc_col-lg-5 vc_col-md-6&#8243;][vc_empty_space height=&#8221;3em&#8221; alter_height=&#8221;none&#8221; hide_on_mobile=&#8221;&#8221;][vc_empty_space height=&#8221;4.2em&#8221; alter_height=&#8221;none&#8221; hide_on_mobile=&#8221;1,2&#8243;]<div id=\"sc_title_29072821\"\r\n\t\tclass=\"sc_title sc_title_underline\"><h6 class=\"sc_item_subtitle sc_title_subtitle sc_align_center sc_item_title_style_underline  sc_item_title_tag_h4\">per chi ama la neve<\/h6><h4 class=\"sc_item_title sc_title_title sc_align_center sc_item_title_style_underline sc_item_title_tag\">non c'\u00e8 posto migliore<\/h4><div class=\"sc_item_descr sc_title_descr sc_align_center\">Sciare permette di stare all'aperto d'inverno. Pi\u00f9 si sale e pi\u00f9 \u00e8 luminoso il sole che permette di metabolizzare vitamina D. Si bruciano i grassi in eccesso e si impara a concentrarsi.<br \/>\nLo sci \u00e8 uno sport completo. Equilibrio, coordinazione, concentrazione e tecnica: lo sci richiede tutti questi elementi insieme. Nel nostro statuto non a caso diciamo che uno degli obiettivi che perseguiamo \u00e8 la salute dei nostri piccoli atleti.<\/div><\/div><!-- \/.sc_title --><div id=\"sc_skills_838137493\"\r\n\t\tclass=\"sc_skills sc_skills_pie sc_skills_compact_off sc_custom_skills_1  vc_custom_1637615853478\"\r\n\t\t\t\tdata-type=\"pie\"\r\n\t\t><div class=\"sc_skills_columns sc_item_columns trx_addons_columns_wrap columns_padding_bottom\"><div class=\"sc_skills_column trx_addons_column-1_3\"><div class=\"sc_skills_item_wrap\"><div class=\"sc_skills_item\"><canvas id=\"sc_skills_canvas_883087254\"><\/canvas><div class=\"sc_skills_total\" data-start=\"0\" data-stop=\"100\" data-step=\"1\" data-steps=\"100\" data-max=\"100\" data-speed=\"39\" data-duration=\"3900\" data-color=\"#0087cb\" data-bg_color=\"#ffe800\" data-border_color=\"#ffffff\" data-cutout=\"92\" data-easing=\"easeOutCirc\" data-ed=\"%\">0%<\/div><\/div><div class=\"sc_skills_item_title\">Divertimento<\/div><\/div><\/div><div class=\"sc_skills_column trx_addons_column-1_3\"><div class=\"sc_skills_item_wrap\"><div class=\"sc_skills_item\"><canvas id=\"sc_skills_canvas_1574856506\"><\/canvas><div class=\"sc_skills_total\" data-start=\"0\" data-stop=\"100\" data-step=\"1\" data-steps=\"100\" data-max=\"100\" data-speed=\"34\" data-duration=\"3400\" data-color=\"#0087cb\" data-bg_color=\"#ffe800\" data-border_color=\"#ffffff\" data-cutout=\"92\" data-easing=\"easeOutCirc\" data-ed=\"%\">0%<\/div><\/div><div class=\"sc_skills_item_title\">Salute<\/div><\/div><\/div><div class=\"sc_skills_column trx_addons_column-1_3\"><div class=\"sc_skills_item_wrap\"><div class=\"sc_skills_item\"><canvas id=\"sc_skills_canvas_2034360246\"><\/canvas><div class=\"sc_skills_total\" data-start=\"0\" data-stop=\"100\" data-step=\"1\" data-steps=\"100\" data-max=\"100\" data-speed=\"24\" data-duration=\"2400\" data-color=\"#0087cb\" data-bg_color=\"#ffe800\" data-border_color=\"#ffffff\" data-cutout=\"92\" data-easing=\"easeOutCirc\" data-ed=\"%\">0%<\/div><\/div><div class=\"sc_skills_item_title\">Natura<\/div><\/div><\/div><\/div><\/div>[\/vc_column][\/vc_row][vc_row][vc_column][vc_empty_space height=&#8221;7.9em&#8221; alter_height=&#8221;none&#8221; hide_on_mobile=&#8221;&#8221;][\/vc_column][\/vc_row][vc_row full_width=&#8221;stretch_row&#8221; parallax=&#8221;content-moving&#8221; parallax_image=&#8221;1930&#8243; parallax_speed_bg=&#8221;2&#8243; css_animation=&#8221;fadeInUp&#8221; scheme=&#8221;dark&#8221; css=&#8221;.vc_custom_1637618426221{background-image: url(https:\/\/www.zoldoskiteam.it\/wp_zst\/wp-content\/uploads\/2021\/09\/ZWD_BACK_008.png?id=1450) !important;background-position: center;background-repeat: no-repeat !important;background-size: cover !important;}&#8221; el_class=&#8221;parallax_inherit st_2&#8243;][vc_column width=&#8221;2\/3&#8243;][vc_empty_space height=&#8221;15.3em&#8221; alter_height=&#8221;none&#8221; hide_on_mobile=&#8221;&#8221;]<div id=\"sc_title_312216414\"\r\n\t\tclass=\"sc_title sc_title_default\"><h6 class=\"sc_item_subtitle sc_title_subtitle sc_align_left sc_item_title_style_default \">get in<\/h6><h3 class=\"sc_item_title sc_title_title sc_align_left sc_item_title_style_default\">touch<\/h3><div class=\"sc_item_descr sc_title_descr sc_align_left\"><h4 style=\"margin-top: 1.1em;\">Mandaci un messaggio<\/h4>\nSaremo felici di contattarti e darti quante pi\u00f9 informazioni tu desideri. Ti spiegheremo le nostre attivit\u00e0 e se vuoi inviteremo i tuoi figli a passare una giornata con noi. Ne saranno entusiasti se a loro piace sciare. Non serve essere campioni.<\/div><\/div><!-- \/.sc_title -->[vc_empty_space height=&#8221;2.3em&#8221; alter_height=&#8221;none&#8221; hide_on_mobile=&#8221;&#8221;][vc_empty_space height=&#8221;13.5em&#8221; alter_height=&#8221;none&#8221; hide_on_mobile=&#8221;&#8221;][\/vc_column][vc_column width=&#8221;1\/3&#8243;][\/vc_column][\/vc_row][vc_row][vc_column][vc_empty_space height=&#8221;7.9em&#8221; alter_height=&#8221;none&#8221; hide_on_mobile=&#8221;&#8221;][\/vc_column][\/vc_row]<\/p>\n<\/div>","protected":false},"excerpt":{"rendered":"<p>[vc_row full_width=&#8221;stretch_row_content_no_spaces&#8221; gap=&#8221;30&#8243; css_animation=&#8221;fadeInRight&#8221;][vc_column width=&#8221;6\/12&#8243;][vc_empty_space height=&#8221;8.8em&#8221; alter_height=&#8221;none&#8221; hide_on_mobile=&#8221;&#8221;][\/vc_column][vc_column width=&#8221;1\/2&#8243; offset=&#8221;vc_hidden-xs&#8221;][vc_empty_space height=&#8221;9.3em&#8221; alter_height=&#8221;none&#8221; hide_on_mobile=&#8221;&#8221;][vc_single_image image=&#8221;1917&#8243; img_size=&#8221;full&#8221; css=&#8221;.vc_custom_1637615278979{margin-right: -20% !important;}&#8221;][\/vc_column][\/vc_row][vc_row][vc_column][vc_empty_space height=&#8221;1.3em&#8221; alter_height=&#8221;none&#8221; hide_on_mobile=&#8221;&#8221;][\/vc_column][\/vc_row][vc_row css_animation=&#8221;fadeInLeft&#8221;][vc_column][vc_empty_space height=&#8221;4em&#8221; alter_height=&#8221;none&#8221; hide_on_mobile=&#8221;&#8221;][vc_empty_space height=&#8221;4em&#8221; alter_height=&#8221;none&#8221; hide_on_mobile=&#8221;&#8221;][\/vc_column][\/vc_row][vc_row full_width=&#8221;stretch_row_content_no_spaces&#8221; css_animation=&#8221;fadeInLeft&#8221;][vc_column width=&#8221;1\/12&#8243; offset=&#8221;vc_hidden-md vc_hidden-sm vc_hidden-xs&#8221;][\/vc_column][vc_column offset=&#8221;vc_col-lg-5 vc_col-md-6&#8243;][vc_empty_space height=&#8221;3em&#8221; alter_height=&#8221;none&#8221; hide_on_mobile=&#8221;&#8221;][vc_empty_space height=&#8221;4.2em&#8221; alter_height=&#8221;none&#8221; hide_on_mobile=&#8221;1,2&#8243;][\/vc_column][vc_column offset=&#8221;vc_col-lg-5 vc_col-md-6&#8243;][vc_single_image image=&#8221;1914&#8243; img_size=&#8221;full&#8221; alignment=&#8221;right&#8221;][\/vc_column][\/vc_row][vc_row full_width=&#8221;stretch_row_content_no_spaces&#8221; css_animation=&#8221;fadeInRight&#8221;][vc_column width=&#8221;1\/12&#8243; offset=&#8221;vc_hidden-md vc_hidden-sm vc_hidden-xs&#8221;][\/vc_column][vc_column offset=&#8221;vc_col-lg-5 vc_col-md-6&#8243;][vc_empty_space height=&#8221;3em&#8221; alter_height=&#8221;none&#8221; hide_on_mobile=&#8221;&#8221;][vc_empty_space height=&#8221;4.2em&#8221; alter_height=&#8221;none&#8221;&hellip;<\/p>\n","protected":false},"author":1,"featured_media":0,"parent":0,"menu_order":0,"comment_status":"closed","ping_status":"closed","template":"","meta":{"footnotes":""},"class_list":["post-334","page","type-page","status-publish","hentry"],"_links":{"self":[{"href":"https:\/\/www.zoldoskiteam.it\/index.php?rest_route=\/wp\/v2\/pages\/334","targetHints":{"allow":["GET"]}}],"collection":[{"href":"https:\/\/www.zoldoskiteam.it\/index.php?rest_route=\/wp\/v2\/pages"}],"about":[{"href":"https:\/\/www.zoldoskiteam.it\/index.php?rest_route=\/wp\/v2\/types\/page"}],"author":[{"embeddable":true,"href":"https:\/\/www.zoldoskiteam.it\/index.php?rest_route=\/wp\/v2\/users\/1"}],"replies":[{"embeddable":true,"href":"https:\/\/www.zoldoskiteam.it\/index.php?rest_route=%2Fwp%2Fv2%2Fcomments&post=334"}],"version-history":[{"count":40,"href":"https:\/\/www.zoldoskiteam.it\/index.php?rest_route=\/wp\/v2\/pages\/334\/revisions"}],"predecessor-version":[{"id":1931,"href":"https:\/\/www.zoldoskiteam.it\/index.php?rest_route=\/wp\/v2\/pages\/334\/revisions\/1931"}],"wp:attachment":[{"href":"https:\/\/www.zoldoskiteam.it\/index.php?rest_route=%2Fwp%2Fv2%2Fmedia&parent=334"}],"curies":[{"name":"wp","href":"https:\/\/api.w.org\/{rel}","templated":true}]}}