{"id":1966,"date":"2021-11-28T11:12:41","date_gmt":"2021-11-28T10:12:41","guid":{"rendered":"https:\/\/www.zoldoskiteam.it\/?page_id=1966"},"modified":"2021-12-11T20:29:09","modified_gmt":"2021-12-11T19:29:09","slug":"il-nostro-territorio","status":"publish","type":"page","link":"https:\/\/www.zoldoskiteam.it\/?page_id=1966","title":{"rendered":"Il nostro territorio"},"content":{"rendered":"<div class=\"wpb-content-wrapper\"><p>[vc_row full_width=&#8221;stretch_row&#8221; css_animation=&#8221;fadeInUp&#8221;][vc_column][vc_empty_space height=&#8221;3em&#8221; alter_height=&#8221;none&#8221; hide_on_mobile=&#8221;&#8221;]<div id=\"sc_title_857870265\"\r\n\t\tclass=\"sc_title sc_title_default\"><h6 class=\"sc_item_subtitle sc_title_subtitle sc_align_left sc_item_title_style_default  sc_item_title_tag_h3\">Amici dello<\/h6><h3 class=\"sc_item_title sc_title_title sc_align_left sc_item_title_style_default sc_item_title_tag\">Zoldo Ski Team<\/h3><div class=\"sc_item_descr sc_title_descr sc_align_left\">La nostra valle non solo ci ha donato magnifiche montagne e neve splendida per le nostre attivit\u00e0. Ci ha dato anche tanti amici che ci aiutano e ci sostengono.<\/div><\/div><!-- \/.sc_title -->[vc_empty_space height=&#8221;3em&#8221; alter_height=&#8221;none&#8221; hide_on_mobile=&#8221;&#8221;][\/vc_column][\/vc_row][vc_row gap=&#8221;35&#8243; css_animation=&#8221;fadeInLeft&#8221;][vc_column width=&#8221;1\/2&#8243;][vc_empty_space height=&#8221;3em&#8221; alter_height=&#8221;none&#8221; hide_on_mobile=&#8221;1&#8243;]<div id=\"sc_content_1683872877\"\r\n\t\tclass=\"sc_content sc_content_default sc_float_center\"><h6 class=\"sc_item_subtitle sc_content_subtitle sc_align_left sc_item_title_style_default  sc_item_title_tag_h4\">...dalla<\/h6><h4 class=\"sc_item_title sc_content_title sc_align_left sc_item_title_style_default sc_item_title_tag\">Gianna<\/h4><div class=\"sc_item_descr sc_content_descr sc_align_left\">Dalla nostra amica Gianna in via Pecol a Val di Zoldo noi ci andiamo nelle occasioni speciali. Cucina senza compromessi e cantina a prova di pap\u00e0 e mamme esigenti.<\/div><div class=\"sc_content_container\"><\/div><\/div><!-- \/.sc_content -->[vc_empty_space height=&#8221;3em&#8221; alter_height=&#8221;none&#8221; hide_on_mobile=&#8221;1&#8243;][\/vc_column][vc_column width=&#8221;1\/2&#8243;][vc_empty_space height=&#8221;3em&#8221; alter_height=&#8221;none&#8221; hide_on_mobile=&#8221;&#8221;][vc_single_image image=&#8221;2048&#8243; img_size=&#8221;full&#8221; onclick=&#8221;custom_link&#8221; link=&#8221;https:\/\/enotecaristorantecoldai.myadj.it\/v\/enotecaristorantecoldai&#8221;][vc_empty_space height=&#8221;3em&#8221; alter_height=&#8221;none&#8221; hide_on_mobile=&#8221;&#8221;][\/vc_column][\/vc_row][vc_row gap=&#8221;35&#8243; css_animation=&#8221;fadeInRight&#8221;][vc_column width=&#8221;1\/2&#8243;][vc_empty_space height=&#8221;3em&#8221; alter_height=&#8221;none&#8221; hide_on_mobile=&#8221;1&#8243;][vc_single_image image=&#8221;2049&#8243; img_size=&#8221;full&#8221; alignment=&#8221;right&#8221; onclick=&#8221;custom_link&#8221; link=&#8221;https:\/\/www.facebook.com\/Al-Sol%C3%A8r-260276084033011\/&#8221;][vc_empty_space height=&#8221;3em&#8221; alter_height=&#8221;none&#8221; hide_on_mobile=&#8221;1&#8243;][\/vc_column][vc_column width=&#8221;1\/2&#8243;][vc_empty_space height=&#8221;3em&#8221; alter_height=&#8221;none&#8221; hide_on_mobile=&#8221;&#8221;]<div id=\"sc_content_1186633962\"\r\n\t\tclass=\"sc_content sc_content_default sc_float_center\"><h6 class=\"sc_item_subtitle sc_content_subtitle sc_align_left sc_item_title_style_default  sc_item_title_tag_h4\">...dalla<\/h6><h4 class=\"sc_item_title sc_content_title sc_align_left sc_item_title_style_default sc_item_title_tag\">Vally<\/h4><div class=\"sc_item_descr sc_content_descr sc_align_left\">Il gelato della migliore tradizione zoldana. In via Pecol a Val di Zoldo. I dinosauri, soprattutto baby e cuccioli, sono ghiotti di gelato \u00e8 risaputo e scientificamente provato. Sono grandi esperti ed intenditori. E' una tappa d'obbligo dopo l'allenamento del pomeriggio.<\/div><div class=\"sc_content_container\"><\/div><\/div><!-- \/.sc_content -->[vc_empty_space height=&#8221;3em&#8221; alter_height=&#8221;none&#8221; hide_on_mobile=&#8221;1&#8243;][\/vc_column][\/vc_row][vc_row gap=&#8221;35&#8243; css_animation=&#8221;fadeInLeft&#8221;][vc_column width=&#8221;1\/2&#8243;][vc_empty_space height=&#8221;3em&#8221; alter_height=&#8221;none&#8221; hide_on_mobile=&#8221;1&#8243;]<div id=\"sc_content_1882460770\"\r\n\t\tclass=\"sc_content sc_content_default sc_float_center\"><h6 class=\"sc_item_subtitle sc_content_subtitle sc_align_left sc_item_title_style_default  sc_item_title_tag_h4\">...da<\/h6><h4 class=\"sc_item_title sc_content_title sc_align_left sc_item_title_style_default sc_item_title_tag\">Andrea Ceschin<\/h4><div class=\"sc_item_descr sc_content_descr sc_align_left\">L'ortofrutta di Dont che apre anche a Mareson durante la stagione invernale ed estiva. Frutta e verdure sono fondamentali per gli atleti in erba e qui noi troviamo tutto quel che ci serve per diventare forti e veloci... e Dont non \u00e8 il paese che non c'\u00e8!<\/div><div class=\"sc_content_container\"><\/div><\/div><!-- \/.sc_content -->[vc_empty_space height=&#8221;3em&#8221; alter_height=&#8221;none&#8221; hide_on_mobile=&#8221;1&#8243;][\/vc_column][vc_column width=&#8221;1\/2&#8243;][vc_empty_space height=&#8221;3em&#8221; alter_height=&#8221;none&#8221; hide_on_mobile=&#8221;&#8221;][vc_single_image image=&#8221;2050&#8243; img_size=&#8221;full&#8221;][vc_empty_space height=&#8221;3em&#8221; alter_height=&#8221;none&#8221; hide_on_mobile=&#8221;&#8221;][\/vc_column][\/vc_row][vc_row gap=&#8221;35&#8243; css_animation=&#8221;fadeInRight&#8221;][vc_column width=&#8221;1\/2&#8243;][vc_empty_space height=&#8221;3em&#8221; alter_height=&#8221;none&#8221; hide_on_mobile=&#8221;1&#8243;][vc_single_image image=&#8221;2046&#8243; img_size=&#8221;full&#8221; alignment=&#8221;right&#8221;][vc_empty_space height=&#8221;3em&#8221; alter_height=&#8221;none&#8221; hide_on_mobile=&#8221;1&#8243;][\/vc_column][vc_column width=&#8221;1\/2&#8243;][vc_empty_space height=&#8221;3em&#8221; alter_height=&#8221;none&#8221; hide_on_mobile=&#8221;&#8221;]<div id=\"sc_content_2112554072\"\r\n\t\tclass=\"sc_content sc_content_default sc_float_center\"><h6 class=\"sc_item_subtitle sc_content_subtitle sc_align_left sc_item_title_style_default  sc_item_title_tag_h4\">...meno male che c'\u00e8<\/h6><h4 class=\"sc_item_title sc_content_title sc_align_left sc_item_title_style_default sc_item_title_tag\">Roberto<\/h4><div class=\"sc_item_descr sc_content_descr sc_align_left\">La neve \u00e8 bella e soffice. Quando ne arriva tanta noi siamo contenti ma se ne arriva troppa pu\u00f2 essere un bel problema. Meno male che c'\u00e8 Roberto che arriva in un battibaleno e risolve la situazione.<\/div><div class=\"sc_content_container\"><\/div><\/div><!-- \/.sc_content -->[vc_empty_space height=&#8221;3em&#8221; alter_height=&#8221;none&#8221; hide_on_mobile=&#8221;1&#8243;][\/vc_column][\/vc_row][vc_row gap=&#8221;35&#8243; css_animation=&#8221;fadeInLeft&#8221;][vc_column width=&#8221;1\/2&#8243;][vc_empty_space height=&#8221;3em&#8221; alter_height=&#8221;none&#8221; hide_on_mobile=&#8221;1&#8243;]<div id=\"sc_content_800145818\"\r\n\t\tclass=\"sc_content sc_content_default sc_float_center\"><h6 class=\"sc_item_subtitle sc_content_subtitle sc_align_left sc_item_title_style_default  sc_item_title_tag_h4\">...e poi<\/h6><h4 class=\"sc_item_title sc_content_title sc_align_left sc_item_title_style_default sc_item_title_tag\">Enrico e Ida<\/h4><div class=\"sc_item_descr sc_content_descr sc_align_left\">Enrico sa fare probabilmente i migliori toast della valle se si \u00e8 di fretta per andare ad allenarsi noi facciamo sempre tappa a L'Otada a Pecol prima dei tornanti per Palafavera. E se capita di cadere in allenamento Ida in Farmacia a Zoldo ha sempre la soluzione giusta: ti guarda severa e poi, con un sorriso, ti da un unguento miracoloso.<\/div><div class=\"sc_content_container\"><\/div><\/div><!-- \/.sc_content -->[vc_empty_space height=&#8221;3em&#8221; alter_height=&#8221;none&#8221; hide_on_mobile=&#8221;1&#8243;][\/vc_column][vc_column width=&#8221;1\/2&#8243;][vc_empty_space height=&#8221;1em&#8221; alter_height=&#8221;none&#8221; hide_on_mobile=&#8221;&#8221;][vc_single_image image=&#8221;2067&#8243; img_size=&#8221;full&#8221;][vc_empty_space height=&#8221;3em&#8221; alter_height=&#8221;none&#8221; hide_on_mobile=&#8221;&#8221;][\/vc_column][\/vc_row][vc_row gap=&#8221;35&#8243; css_animation=&#8221;fadeInRight&#8221;][vc_column width=&#8221;1\/2&#8243;][vc_empty_space height=&#8221;1em&#8221; alter_height=&#8221;none&#8221; hide_on_mobile=&#8221;1&#8243;][vc_single_image image=&#8221;2069&#8243; img_size=&#8221;full&#8221; alignment=&#8221;right&#8221;][vc_empty_space height=&#8221;3em&#8221; alter_height=&#8221;none&#8221; hide_on_mobile=&#8221;1&#8243;][\/vc_column][vc_column width=&#8221;1\/2&#8243;][vc_empty_space height=&#8221;3em&#8221; alter_height=&#8221;none&#8221; hide_on_mobile=&#8221;&#8221;]<div id=\"sc_content_1531899673\"\r\n\t\tclass=\"sc_content sc_content_default sc_float_center\"><h6 class=\"sc_item_subtitle sc_content_subtitle sc_align_left sc_item_title_style_default  sc_item_title_tag_h4\">...altri amici<\/h6><h4 class=\"sc_item_title sc_content_title sc_align_left sc_item_title_style_default sc_item_title_tag\">Saverio e Diego<\/h4><div class=\"sc_item_descr sc_content_descr sc_align_left\">Le uova fresche di \"al Galiner\" deposte da galline che vivono all'aperto, sono fondamentali per i dolci che vengono preparati nella nostra valle. E dopo il dolce un \"bon carugo\" dice pap\u00e0. Non sapete cos'\u00e8 un carugo? E' qualcosa di molto tipico. Andate da Diego della Nuova Lazzaris. Vi consiglier\u00e0 bene.<\/div><div class=\"sc_content_container\"><\/div><\/div><!-- \/.sc_content -->[vc_empty_space height=&#8221;3em&#8221; alter_height=&#8221;none&#8221; hide_on_mobile=&#8221;1&#8243;][\/vc_column][\/vc_row][vc_row gap=&#8221;35&#8243; css_animation=&#8221;fadeInLeft&#8221;][vc_column width=&#8221;1\/2&#8243;][vc_empty_space height=&#8221;3em&#8221; alter_height=&#8221;none&#8221; hide_on_mobile=&#8221;1&#8243;]<div id=\"sc_content_1039223277\"\r\n\t\tclass=\"sc_content sc_content_default sc_float_center\"><h6 class=\"sc_item_subtitle sc_content_subtitle sc_align_left sc_item_title_style_default  sc_item_title_tag_h4\">...a Forno da Mauro e Ruggero<\/h6><h4 class=\"sc_item_title sc_content_title sc_align_left sc_item_title_style_default sc_item_title_tag\">a Fusine al Ciclamino<\/h4><div class=\"sc_item_descr sc_content_descr sc_align_left\">A Fusine la pizza noi la mangiamo al Ciclamino. Ci piace. I dinosauri non hanno baffi da leccarsi... purtroppo! Se siamo in centro a Forno invece uno spettacolare panino o un gelato come si deve lo mangiamo da Mauro e Ruggero al Bar Centrale. Gelato della tradizione zoldana. E come si diceva prima \u00e8 scientificamente provato che i dinosauri sono grandi intenditori di gelato.<\/div><div class=\"sc_content_container\"><\/div><\/div><!-- \/.sc_content -->[vc_empty_space height=&#8221;3em&#8221; alter_height=&#8221;none&#8221; hide_on_mobile=&#8221;1&#8243;][\/vc_column][vc_column width=&#8221;1\/2&#8243;][vc_empty_space height=&#8221;1em&#8221; alter_height=&#8221;none&#8221; hide_on_mobile=&#8221;&#8221;][vc_single_image image=&#8221;2075&#8243; img_size=&#8221;full&#8221;][vc_empty_space height=&#8221;3em&#8221; alter_height=&#8221;none&#8221; hide_on_mobile=&#8221;&#8221;][\/vc_column][\/vc_row][vc_row gap=&#8221;35&#8243; css_animation=&#8221;fadeInRight&#8221;][vc_column width=&#8221;1\/2&#8243;][vc_empty_space height=&#8221;1em&#8221; alter_height=&#8221;none&#8221; hide_on_mobile=&#8221;1&#8243;][vc_single_image image=&#8221;2079&#8243; img_size=&#8221;full&#8221; alignment=&#8221;right&#8221;][vc_empty_space height=&#8221;3em&#8221; alter_height=&#8221;none&#8221; hide_on_mobile=&#8221;1&#8243;][\/vc_column][vc_column width=&#8221;1\/2&#8243;][vc_empty_space height=&#8221;3em&#8221; alter_height=&#8221;none&#8221; hide_on_mobile=&#8221;&#8221;]<div id=\"sc_content_976664435\"\r\n\t\tclass=\"sc_content sc_content_default sc_float_center\"><h6 class=\"sc_item_subtitle sc_content_subtitle sc_align_left sc_item_title_style_default  sc_item_title_tag_h4\">...che bello da Manuel<\/h6><h4 class=\"sc_item_title sc_content_title sc_align_left sc_item_title_style_default sc_item_title_tag\">e l'odore del legno della segheria<\/h4><div class=\"sc_item_descr sc_content_descr sc_align_left\">Da Manuel, al ristorante pizzeria Palma, si mangia bene ed \u00e8 bellissimo. Sei in mezzo al bosco... perch\u00e9 Palma? Qui palme non ce ne sono! Ma chiedetelo a Manuel qui intorno ci sono larici profumatissimi. Che buon odore come quello che si respira in segheria da Traiber. Che bello il larice lavorato dai maestri della Val di Zoldo.<\/div><div class=\"sc_content_container\"><\/div><\/div><!-- \/.sc_content -->[vc_empty_space height=&#8221;3em&#8221; alter_height=&#8221;none&#8221; hide_on_mobile=&#8221;1&#8243;][\/vc_column][\/vc_row][vc_row gap=&#8221;35&#8243; css_animation=&#8221;fadeInLeft&#8221;][vc_column width=&#8221;1\/2&#8243;][vc_empty_space height=&#8221;3em&#8221; alter_height=&#8221;none&#8221; hide_on_mobile=&#8221;1&#8243;]<div id=\"sc_content_1258801157\"\r\n\t\tclass=\"sc_content sc_content_default sc_float_center\"><h6 class=\"sc_item_subtitle sc_content_subtitle sc_align_left sc_item_title_style_default  sc_item_title_tag_h4\">...a Longarone da<\/h6><h4 class=\"sc_item_title sc_content_title sc_align_left sc_item_title_style_default sc_item_title_tag\">Cencio<\/h4><div class=\"sc_item_descr sc_content_descr sc_align_left\">Quando capita capita e se capita si va da Vincenzo che noi sauri chiamiamo Cencio. Se capita un piccolo guaio con l'auto andiamo da lui. Qui in valle, poi, sulle gomme invernali e freni in ordine non si pu\u00f2 scherzare e Cencio su questo \u00e8 serissimo.<\/div><div class=\"sc_content_container\"><\/div><\/div><!-- \/.sc_content -->[vc_empty_space height=&#8221;3em&#8221; alter_height=&#8221;none&#8221; hide_on_mobile=&#8221;1&#8243;][\/vc_column][vc_column width=&#8221;1\/2&#8243;][vc_empty_space height=&#8221;1em&#8221; alter_height=&#8221;none&#8221; hide_on_mobile=&#8221;&#8221;][vc_single_image image=&#8221;2081&#8243; img_size=&#8221;full&#8221;][vc_empty_space height=&#8221;3em&#8221; alter_height=&#8221;none&#8221; hide_on_mobile=&#8221;&#8221;][\/vc_column][\/vc_row][vc_row gap=&#8221;35&#8243; css_animation=&#8221;fadeInRight&#8221;][vc_column width=&#8221;1\/2&#8243;][vc_empty_space height=&#8221;1em&#8221; alter_height=&#8221;none&#8221; hide_on_mobile=&#8221;1&#8243;][vc_single_image image=&#8221;2084&#8243; img_size=&#8221;full&#8221; alignment=&#8221;right&#8221;][vc_empty_space height=&#8221;3em&#8221; alter_height=&#8221;none&#8221; hide_on_mobile=&#8221;1&#8243;][\/vc_column][vc_column width=&#8221;1\/2&#8243;][vc_empty_space height=&#8221;3em&#8221; alter_height=&#8221;none&#8221; hide_on_mobile=&#8221;&#8221;]<div id=\"sc_content_541369672\"\r\n\t\tclass=\"sc_content sc_content_default sc_float_center\"><h6 class=\"sc_item_subtitle sc_content_subtitle sc_align_left sc_item_title_style_default  sc_item_title_tag_h4\">...e loro ci sono sempre<\/h6><h4 class=\"sc_item_title sc_content_title sc_align_left sc_item_title_style_default sc_item_title_tag\">Carlo e Cristian<\/h4><div class=\"sc_item_descr sc_content_descr sc_align_left\">Con loro il rapporto \u00e8 speciale. Senza Carlo di Palafavera e Cristian del Live Civetta in Piazzale Balestra saremmo lucertole non dinosauri.<\/div><div class=\"sc_content_container\"><\/div><\/div><!-- \/.sc_content -->[vc_empty_space height=&#8221;3em&#8221; alter_height=&#8221;none&#8221; hide_on_mobile=&#8221;1&#8243;][\/vc_column][\/vc_row][vc_row full_width=&#8221;stretch_row&#8221; css_animation=&#8221;fadeInUp&#8221;][vc_column][vc_empty_space height=&#8221;11em&#8221; alter_height=&#8221;none&#8221; hide_on_mobile=&#8221;&#8221;]<div id=\"sc_title_1351072608\"\r\n\t\tclass=\"sc_title sc_title_default\"><h6 class=\"sc_item_subtitle sc_title_subtitle sc_align_left sc_item_title_style_default  sc_item_title_tag_h3\">Le Istituzioni<\/h6><h3 class=\"sc_item_title sc_title_title sc_align_left sc_item_title_style_default sc_item_title_tag\">Territoriali<\/h3><\/div><!-- \/.sc_title -->[vc_empty_space height=&#8221;3em&#8221; alter_height=&#8221;none&#8221; hide_on_mobile=&#8221;&#8221;][vc_single_image image=&#8221;1986&#8243; img_size=&#8221;full&#8221; alignment=&#8221;center&#8221;][vc_empty_space height=&#8221;3em&#8221; alter_height=&#8221;none&#8221; hide_on_mobile=&#8221;&#8221;]<div id=\"sc_content_1398224098\"\r\n\t\tclass=\"sc_content sc_content_default sc_float_center\"><h6 class=\"sc_item_subtitle sc_content_subtitle sc_align_left sc_item_title_style_default  sc_item_title_tag_h4\">Il Comune di<\/h6><h4 class=\"sc_item_title sc_content_title sc_align_left sc_item_title_style_default sc_item_title_tag\">Val di Zoldo<\/h4><div class=\"sc_item_descr sc_content_descr sc_align_left\">Val di Zoldo (Val de Zoldo in ladino) \u00e8 un comune italiano sparso di 2.859 abitanti della provincia di Belluno in Veneto. Nato il 23 febbraio 2016 in seguito alla fusione dei comuni di Forno di Zoldo e Zoldo Alto, sede comunale \u00e8 Fusine, gi\u00e0 capoluogo del comune di Zoldo Alto; il territorio ricopre la regione storico-geografica di Zoldo nel cuore delle Dolomiti di Zoldo e appartiene all'Unione montana Cadore Longaronese Zoldo.<br \/>\nI toponimi della Val di Zoldo sono inequivocabili testimoni della vocazione antica della valle in cui si estraeva e lavorava il ferro. Forno, Fornesighe, Fusine sono tutti nomi di localit\u00e0 della valle che ci ricordano di quando qui si forgiavano i chiodi, le corazze e le spade per la Serenissima Repubblica. I cognomi stessi di molte famiglie di Val di Zoldo ci ricordano questi antichi mestieri come Panciera, Corazza e Balestra che indicavano le specializzazioni delle attivit\u00e0 di queste famiglie.<\/div><div class=\"sc_content_container\"><\/div><\/div><!-- \/.sc_content -->[vc_empty_space height=&#8221;3em&#8221; alter_height=&#8221;none&#8221; hide_on_mobile=&#8221;&#8221;]<div id=\"sc_content_1392234858\"\r\n\t\tclass=\"sc_content sc_content_default sc_float_center\"><h6 class=\"sc_item_subtitle sc_content_subtitle sc_align_left sc_item_title_style_default  sc_item_title_tag_h4\">Regola Grande<\/h6><h4 class=\"sc_item_title sc_content_title sc_align_left sc_item_title_style_default sc_item_title_tag\">di Mareson<\/h4><div class=\"sc_item_descr sc_content_descr sc_align_left\">La Regola \u00e8 un'antica istituzione diffusa in parte del Veneto e del Trentino, particolarmente nell'area dolomitica, nella quale le famiglie originarie del luogo, proprietarie (per allodio) in modo indiviso e collettivo dei beni fondiari, sono chiamate a gestire direttamente tali propriet\u00e0 attraverso gli organi statutari. Attualmente rientrano nella disciplina della legge regionale. In Val di Zoldo sono presenti tre regole: la Regola Bragareza, la Regola Grande di Mareson e la Regola Grande di Coi. Lo Zoldo Ski Team \u00e8 grato alla Regola Grande di Mareson che tante volte ci ha aiutato e sostenuto.<\/div><div class=\"sc_content_container\"><\/div><\/div><!-- \/.sc_content -->[vc_empty_space height=&#8221;3em&#8221; alter_height=&#8221;none&#8221; hide_on_mobile=&#8221;&#8221;]<div id=\"sc_content_2131686802\"\r\n\t\tclass=\"sc_content sc_content_default sc_float_center\"><h6 class=\"sc_item_subtitle sc_content_subtitle sc_align_left sc_item_title_style_default  sc_item_title_tag_h4\">Consorzio<\/h6><h4 class=\"sc_item_title sc_content_title sc_align_left sc_item_title_style_default sc_item_title_tag\">Colonnelli<\/h4><div class=\"sc_item_descr sc_content_descr sc_align_left\">Il Consorzio dei Colonelli \u00e8 un\u2018istituzione riconosciuta legalmente nel 1934, che disciplina l\u2018uso collettivo di una porzione di territorio montano in favore delle famiglie residenti in alcune frazioni locali, discendenti delle originarie dell\u2018area. Il Regolamento, approvato nel 1894 e modificato l\u2018ultima volta nel 1909, prevede che a ciascuna delle famiglie ivi residenti, nella figura del capofamiglia, venga assegnata una parte della propriet\u00e0 indivisa, \u201ccolonello\u2018, estratta a sorteggio e per una durata di cinque anni. I Consorziati potranno usufruire del legname presente sul proprio colonello, inoltre hanno il diritto di pascolare gli animali e sfalciare l\u2018erba, secondo tempi e modalit\u00e0 stabiliti dal Consorzio (Rizzardini, 1989).<br \/>\nIl Consorzio Colonelli, istituzione simile alle Regole, sussiste contemporaneamente alle Regole sullo stesso territorio, senza, per\u00f2, che si vengano a creare tra i due attriti, rivendicazioni o sovrapposizioni di competenze.<\/div><div class=\"sc_content_container\"><\/div><\/div><!-- \/.sc_content -->[vc_empty_space height=&#8221;3em&#8221; alter_height=&#8221;none&#8221; hide_on_mobile=&#8221;&#8221;][\/vc_column][\/vc_row]<\/p>\n<\/div>","protected":false},"excerpt":{"rendered":"<p>[vc_row full_width=&#8221;stretch_row&#8221; css_animation=&#8221;fadeInUp&#8221;][vc_column][vc_empty_space height=&#8221;3em&#8221; alter_height=&#8221;none&#8221; hide_on_mobile=&#8221;&#8221;][vc_empty_space height=&#8221;3em&#8221; alter_height=&#8221;none&#8221; hide_on_mobile=&#8221;&#8221;][\/vc_column][\/vc_row][vc_row gap=&#8221;35&#8243; css_animation=&#8221;fadeInLeft&#8221;][vc_column width=&#8221;1\/2&#8243;][vc_empty_space height=&#8221;3em&#8221; alter_height=&#8221;none&#8221; hide_on_mobile=&#8221;1&#8243;][vc_empty_space height=&#8221;3em&#8221; alter_height=&#8221;none&#8221; hide_on_mobile=&#8221;1&#8243;][\/vc_column][vc_column width=&#8221;1\/2&#8243;][vc_empty_space height=&#8221;3em&#8221; alter_height=&#8221;none&#8221; hide_on_mobile=&#8221;&#8221;][vc_single_image image=&#8221;2048&#8243; img_size=&#8221;full&#8221; onclick=&#8221;custom_link&#8221; link=&#8221;https:\/\/enotecaristorantecoldai.myadj.it\/v\/enotecaristorantecoldai&#8221;][vc_empty_space height=&#8221;3em&#8221; alter_height=&#8221;none&#8221; hide_on_mobile=&#8221;&#8221;][\/vc_column][\/vc_row][vc_row gap=&#8221;35&#8243; css_animation=&#8221;fadeInRight&#8221;][vc_column width=&#8221;1\/2&#8243;][vc_empty_space height=&#8221;3em&#8221; alter_height=&#8221;none&#8221; hide_on_mobile=&#8221;1&#8243;][vc_single_image image=&#8221;2049&#8243; img_size=&#8221;full&#8221; alignment=&#8221;right&#8221; onclick=&#8221;custom_link&#8221; link=&#8221;https:\/\/www.facebook.com\/Al-Sol%C3%A8r-260276084033011\/&#8221;][vc_empty_space height=&#8221;3em&#8221; alter_height=&#8221;none&#8221; hide_on_mobile=&#8221;1&#8243;][\/vc_column][vc_column width=&#8221;1\/2&#8243;][vc_empty_space height=&#8221;3em&#8221; alter_height=&#8221;none&#8221; hide_on_mobile=&#8221;&#8221;][vc_empty_space height=&#8221;3em&#8221; alter_height=&#8221;none&#8221; hide_on_mobile=&#8221;1&#8243;][\/vc_column][\/vc_row][vc_row gap=&#8221;35&#8243; css_animation=&#8221;fadeInLeft&#8221;][vc_column width=&#8221;1\/2&#8243;][vc_empty_space height=&#8221;3em&#8221; alter_height=&#8221;none&#8221; hide_on_mobile=&#8221;1&#8243;][vc_empty_space height=&#8221;3em&#8221; alter_height=&#8221;none&#8221; hide_on_mobile=&#8221;1&#8243;][\/vc_column][vc_column width=&#8221;1\/2&#8243;][vc_empty_space&hellip;<\/p>\n","protected":false},"author":1,"featured_media":0,"parent":0,"menu_order":0,"comment_status":"closed","ping_status":"closed","template":"","meta":{"footnotes":""},"class_list":["post-1966","page","type-page","status-publish","hentry"],"_links":{"self":[{"href":"https:\/\/www.zoldoskiteam.it\/index.php?rest_route=\/wp\/v2\/pages\/1966","targetHints":{"allow":["GET"]}}],"collection":[{"href":"https:\/\/www.zoldoskiteam.it\/index.php?rest_route=\/wp\/v2\/pages"}],"about":[{"href":"https:\/\/www.zoldoskiteam.it\/index.php?rest_route=\/wp\/v2\/types\/page"}],"author":[{"embeddable":true,"href":"https:\/\/www.zoldoskiteam.it\/index.php?rest_route=\/wp\/v2\/users\/1"}],"replies":[{"embeddable":true,"href":"https:\/\/www.zoldoskiteam.it\/index.php?rest_route=%2Fwp%2Fv2%2Fcomments&post=1966"}],"version-history":[{"count":73,"href":"https:\/\/www.zoldoskiteam.it\/index.php?rest_route=\/wp\/v2\/pages\/1966\/revisions"}],"predecessor-version":[{"id":2088,"href":"https:\/\/www.zoldoskiteam.it\/index.php?rest_route=\/wp\/v2\/pages\/1966\/revisions\/2088"}],"wp:attachment":[{"href":"https:\/\/www.zoldoskiteam.it\/index.php?rest_route=%2Fwp%2Fv2%2Fmedia&parent=1966"}],"curies":[{"name":"wp","href":"https:\/\/api.w.org\/{rel}","templated":true}]}}