{"id":1498,"date":"2021-11-03T21:00:49","date_gmt":"2021-11-03T20:00:49","guid":{"rendered":"https:\/\/www.zoldoskiteam.it\/wp_zst\/?page_id=1498"},"modified":"2024-01-22T15:27:26","modified_gmt":"2024-01-22T14:27:26","slug":"sponsor","status":"publish","type":"page","link":"https:\/\/www.zoldoskiteam.it\/?page_id=1498","title":{"rendered":"Sponsor"},"content":{"rendered":"<div class=\"wpb-content-wrapper\"><p>[vc_row full_width=&#8221;stretch_row_content_no_spaces&#8221; gap=&#8221;35&#8243; css_animation=&#8221;fadeInUp&#8221; css=&#8221;.vc_custom_1636816569890{padding-left: 3px !important;}&#8221;][vc_column width=&#8221;1\/2&#8243;][vc_empty_space height=&#8221;3em&#8221; alter_height=&#8221;none&#8221; hide_on_mobile=&#8221;1,2&#8243;][vc_empty_space height=&#8221;3em&#8221; alter_height=&#8221;none&#8221; hide_on_mobile=&#8221;&#8221;][vc_single_image image=&#8221;1818&#8243; img_size=&#8221;full&#8221;][vc_empty_space height=&#8221;3em&#8221; alter_height=&#8221;none&#8221; hide_on_mobile=&#8221;&#8221;][\/vc_column][vc_column width=&#8221;1\/2&#8243;][vc_empty_space height=&#8221;3em&#8221; alter_height=&#8221;none&#8221; hide_on_mobile=&#8221;1,2&#8243;][vc_empty_space height=&#8221;3em&#8221; alter_height=&#8221;none&#8221; hide_on_mobile=&#8221;&#8221;]<div id=\"sc_content_7666552\"\r\n\t\tclass=\"sc_content sc_content_default sc_float_left sc_align_left sc_content_width_1_2\"><h6 class=\"sc_item_subtitle sc_content_subtitle sc_align_center sc_item_title_style_default  sc_item_title_tag_h2\">i nostri<\/h6><h2 class=\"sc_item_title sc_content_title sc_align_center sc_item_title_style_default sc_item_title_tag\">sponsor<\/h2><div class=\"sc_item_descr sc_content_descr sc_align_center\">Gli sponsor rendono possibili progetti altrimenti difficili da realizzare. Per squadre come la nostra, in cui una buona parte delle attivit\u00e0 \u00e8 rivolta a bambini, questo \u00e8 ancora pi\u00f9 importante perch\u00e8 quelli che noi chiamiamo progetti per i bambini spesso sono sogni, giochi e divertimento.<br \/>\nChiass\u00e0 se l'amministratore di Pezzutti Group sa che fa divertire dei bambini come matti, d'inverno, la domenica mattina. Chiss\u00e0 se il consiglio di amministrazione di Alch\u00e9mia sa che una notte d'inverno tra il sabato e la domenica un bambino o una bambina sta sognando di vincere una grande gare con tutti intorno ad applaudire. Chiss\u00e0 se mentre fanno lavorare le rotative della tipografia, che non si fermano mai, in Scarpis il sabato pomeriggio sanno che si sta consumando un'epica battaglia di palle di neve a Palafavera e proprio grazie a loro.<br \/>\nNoi tutto questo lo sappiamo, e per tutto questo non basta solo un grazie.<\/div><div class=\"sc_content_container\"><\/div><\/div><!-- \/.sc_content -->[vc_empty_space height=&#8221;3em&#8221; alter_height=&#8221;none&#8221; hide_on_mobile=&#8221;&#8221;][\/vc_column][\/vc_row][vc_row gap=&#8221;35&#8243;][vc_column][vc_empty_space height=&#8221;3.6em&#8221; alter_height=&#8221;none&#8221; hide_on_mobile=&#8221;1,2&#8243;][\/vc_column][\/vc_row][vc_row css_animation=&#8221;slideInLeft&#8221;][vc_column width=&#8221;1\/2&#8243;][vc_empty_space height=&#8221;11em&#8221; alter_height=&#8221;none&#8221; hide_on_mobile=&#8221;1,2&#8243;][vc_single_image image=&#8221;1780&#8243; img_size=&#8221;full&#8221; alignment=&#8221;center&#8221; onclick=&#8221;custom_link&#8221; img_link_target=&#8221;_blank&#8221; css_animation=&#8221;none&#8221; link=&#8221;https:\/\/www.pezzutti.it\/&#8221;][\/vc_column][vc_column width=&#8221;1\/2&#8243;][vc_empty_space height=&#8221;3em&#8221; alter_height=&#8221;none&#8221; hide_on_mobile=&#8221;1,2&#8243;][vc_single_image image=&#8221;1544&#8243; img_size=&#8221;medium&#8221; alignment=&#8221;center&#8221;]<div id=\"sc_content_1818787681\"\r\n\t\tclass=\"sc_content sc_content_default sc_float_center sc_align_justify sc_content_width_1_2\"><div class=\"sc_item_descr sc_content_descr sc_align_center\">\"Sostenibili al cento per cento\". Ingenti Investimenti e un sistema produttivo completamente automatizzato e concepito per la sostenibilit\u00e0 fanno oggi della Pezzutti Group - importante player nel mondo della plastica con quattro stabilimenti e due centri logistici per un'area di 50mila metri quadri coperti destinati alla produzione e logistica, 280 dipendenti e un fatturato di 90 millioni di euro stimati per l'anno in corso - una realt\u00e0 all'avanguardia nell'ambito della sostenibilit\u00e0 ambientale: ZERO EMISSIONI di CO2, utilizzo del 100% di energia rinnovabile, riciclo di 300 milioni di bottiglie l'anno in plastica, un grande contributo per tenere pulito il mondo.<\/div><div class=\"sc_content_container\"><\/div><\/div><!-- \/.sc_content -->[\/vc_column][\/vc_row][vc_row gap=&#8221;35&#8243;][vc_column][vc_empty_space height=&#8221;3.6em&#8221; alter_height=&#8221;none&#8221; hide_on_mobile=&#8221;1,2&#8243;][vc_video link=&#8221;https:\/\/youtu.be\/jx5Vq5m_JBE?si=aEgWI4cpG_0wR1Px&#8221; align=&#8221;center&#8221;][vc_empty_space height=&#8221;3.6em&#8221; alter_height=&#8221;none&#8221; hide_on_mobile=&#8221;1,2&#8243;][\/vc_column][\/vc_row][vc_row css_animation=&#8221;slideInRight&#8221;][vc_column width=&#8221;1\/2&#8243;][vc_empty_space height=&#8221;3em&#8221; alter_height=&#8221;none&#8221; hide_on_mobile=&#8221;1,2&#8243;]<div id=\"sc_content_1059693522\"\r\n\t\tclass=\"sc_content sc_content_default sc_float_center sc_align_justify sc_content_width_1_2\"><h6 class=\"sc_item_subtitle sc_content_subtitle sc_align_center sc_item_title_style_default  sc_item_title_tag_h3\">grafiche<\/h6><h3 class=\"sc_item_title sc_content_title sc_align_center sc_item_title_style_default sc_item_title_tag\">scarpis<\/h3><div class=\"sc_item_descr sc_content_descr sc_align_center\">Il nostro scopo? La soddisfazione delle pi\u00f9 esigenti richieste del cliente, offrendo un servizio di alta qualit\u00e0, lavorando sempre con attenzione e professionalit\u00e0.<br \/>\nDa oltre 100 anni mai un giorno senza linea con l'esperienza di quattro generazioni.<br \/>\nSiamo specializzati nella stampa offset e realizziamo ogni tipo di richiesta. Stampiamo su qualsiasi supporto come cartoncini speciali, carte goffrate e supporti adesivi.<\/div><div class=\"sc_content_container\"><\/div><\/div><!-- \/.sc_content -->[\/vc_column][vc_column width=&#8221;1\/2&#8243;][vc_empty_space height=&#8221;3em&#8221; alter_height=&#8221;none&#8221; hide_on_mobile=&#8221;1,2&#8243;][vc_single_image image=&#8221;1529&#8243; img_size=&#8221;full&#8221; alignment=&#8221;center&#8221; onclick=&#8221;custom_link&#8221; img_link_target=&#8221;_blank&#8221; css_animation=&#8221;none&#8221; link=&#8221;https:\/\/www.grafichescarpis.it\/&#8221;][\/vc_column][vc_column][vc_empty_space height=&#8221;3.6em&#8221; alter_height=&#8221;none&#8221; hide_on_mobile=&#8221;&#8221;][\/vc_column][\/vc_row][vc_row][vc_column][vc_empty_space height=&#8221;8.2em&#8221; alter_height=&#8221;none&#8221; hide_on_mobile=&#8221;1&#8243;]<div class=\"sc_testimonials sc_testimonials_default\"><h6 class=\"sc_item_subtitle sc_testimonials_subtitle sc_align_center sc_item_title_style_default  sc_item_title_tag_h2\">dicono<\/h6><h2 class=\"sc_item_title sc_testimonials_title sc_align_center sc_item_title_style_default sc_item_title_tag\">i nostri sponsor<\/h2><div class=\"sc_testimonials_slider sc_item_slider\tslider_swiper_outer slider_outer_controls slider_outer_controls_side slider_outer_nopagination slider_outer_one\">\r\n\t<div class=\"swiper-slider-container slider_swiper slider_noresize slider_controls slider_controls_side slider_nopagination slider_one\" data-slides-min-width=\"150\">\r\n\t\t<div class=\"slides swiper-wrapper sc_item_columns_1\"><div class=\"swiper-slide\"><div class=\"sc_testimonials_item\">\r\n\t<div class=\"sc_testimonials_item_content\"><p style=\"font-weight: 400;\">Pezzutti sostiene da sempre le associazioni presenti sul territorio, con particolare attenzione ai temi della sostenibilit\u00e0 ambientale, sociale ed economica. Lo Zoldo Ski Team, rappresenta i valori fondamentali nei quali noi tutti ci ritroviamo, come il rispetto, l\u2019uguaglianza, la collaborazione e la forza di un team. Valori condivisi anche dalla nostra azienda che crede fortemente che l\u2019impegno individuale renda pi\u00f9 bello il gioco di squadra.<\/p>\n<\/div>\r\n\t<div class=\"sc_testimonials_item_author\">\r\n\t\t\t\t\t<div class=\"sc_testimonials_item_author_avatar\"><img loading=\"lazy\" decoding=\"async\" width=\"90\" height=\"90\" src=\"https:\/\/www.zoldoskiteam.it\/wp_zst\/wp-content\/uploads\/2021\/11\/ZWD_SPONSOR_PEZZUTTI_001-90x90.png\" class=\"attachment-snow-club-thumb-tiny size-snow-club-thumb-tiny wp-post-image\" alt=\"Pezzutti Team\" srcset=\"https:\/\/www.zoldoskiteam.it\/wp_zst\/wp-content\/uploads\/2021\/11\/ZWD_SPONSOR_PEZZUTTI_001-90x90.png 90w, https:\/\/www.zoldoskiteam.it\/wp_zst\/wp-content\/uploads\/2021\/11\/ZWD_SPONSOR_PEZZUTTI_001-150x150.png 150w, https:\/\/www.zoldoskiteam.it\/wp_zst\/wp-content\/uploads\/2021\/11\/ZWD_SPONSOR_PEZZUTTI_001-96x96.png 96w\" sizes=\"auto, (max-width: 90px) 100vw, 90px\" \/><\/div>\r\n\t\t\t\t<div class=\"sc_testimonials_item_author_data\">\r\n\t\t\t<h4 class=\"sc_testimonials_item_author_title\">Pezzutti Team<\/h4>\r\n\t\t\t<div class=\"sc_testimonials_item_author_subtitle\"><\/div>\r\n\t\t<\/div>\r\n\t<\/div>\r\n<\/div>\r\n<\/div><div class=\"swiper-slide\"><div class=\"sc_testimonials_item\">\r\n\t<div class=\"sc_testimonials_item_content\"><p>Siamo esperti di colori. Tutti associano la montagna d&#8217;inverno al bianco ed invece per noi la montagna ha colori molto pi\u00f9 vivaci. Se ci chiedete di che colore \u00e8 la montagna d&#8217;inverno vi risponderemo senza esitazioni che la montagna d&#8217;inverno \u00e8 gialla e blu. I colori dello Zoldo Ski Team che sosteniamo fin dalla sua nascita e che tanti bei momenti ha regalato a noi ed ai nostri figli.<\/p>\n<\/div>\r\n\t<div class=\"sc_testimonials_item_author\">\r\n\t\t\t\t\t<div class=\"sc_testimonials_item_author_avatar\"><img loading=\"lazy\" decoding=\"async\" width=\"90\" height=\"90\" src=\"https:\/\/www.zoldoskiteam.it\/wp_zst\/wp-content\/uploads\/2021\/11\/ZWD_SPONSOR_SCARPIS_001-90x90.jpeg\" class=\"attachment-snow-club-thumb-tiny size-snow-club-thumb-tiny wp-post-image\" alt=\"Scarpis Team\" srcset=\"https:\/\/www.zoldoskiteam.it\/wp_zst\/wp-content\/uploads\/2021\/11\/ZWD_SPONSOR_SCARPIS_001-90x90.jpeg 90w, https:\/\/www.zoldoskiteam.it\/wp_zst\/wp-content\/uploads\/2021\/11\/ZWD_SPONSOR_SCARPIS_001-300x300.jpeg 300w, https:\/\/www.zoldoskiteam.it\/wp_zst\/wp-content\/uploads\/2021\/11\/ZWD_SPONSOR_SCARPIS_001-150x150.jpeg 150w, https:\/\/www.zoldoskiteam.it\/wp_zst\/wp-content\/uploads\/2021\/11\/ZWD_SPONSOR_SCARPIS_001-370x370.jpeg 370w, https:\/\/www.zoldoskiteam.it\/wp_zst\/wp-content\/uploads\/2021\/11\/ZWD_SPONSOR_SCARPIS_001-96x96.jpeg 96w, https:\/\/www.zoldoskiteam.it\/wp_zst\/wp-content\/uploads\/2021\/11\/ZWD_SPONSOR_SCARPIS_001.jpeg 700w\" sizes=\"auto, (max-width: 90px) 100vw, 90px\" \/><\/div>\r\n\t\t\t\t<div class=\"sc_testimonials_item_author_data\">\r\n\t\t\t<h4 class=\"sc_testimonials_item_author_title\">Scarpis Team<\/h4>\r\n\t\t\t<div class=\"sc_testimonials_item_author_subtitle\"><\/div>\r\n\t\t<\/div>\r\n\t<\/div>\r\n<\/div>\r\n<\/div><\/div><div class=\"slider_controls_wrap\"><a class=\"slider_prev swiper-button-prev\" href=\"#\"><\/a><a class=\"slider_next swiper-button-next\" href=\"#\"><\/a><\/div><\/div><\/div><\/div><!-- \/.sc_testimonials -->[vc_empty_space height=&#8221;11em&#8221; alter_height=&#8221;none&#8221; hide_on_mobile=&#8221;&#8221;][\/vc_column][\/vc_row]<\/p>\n<\/div>","protected":false},"excerpt":{"rendered":"<p>[vc_row full_width=&#8221;stretch_row_content_no_spaces&#8221; gap=&#8221;35&#8243; css_animation=&#8221;fadeInUp&#8221; css=&#8221;.vc_custom_1636816569890{padding-left: 3px !important;}&#8221;][vc_column width=&#8221;1\/2&#8243;][vc_empty_space height=&#8221;3em&#8221; alter_height=&#8221;none&#8221; hide_on_mobile=&#8221;1,2&#8243;][vc_empty_space height=&#8221;3em&#8221; alter_height=&#8221;none&#8221; hide_on_mobile=&#8221;&#8221;][vc_single_image image=&#8221;1818&#8243; img_size=&#8221;full&#8221;][vc_empty_space height=&#8221;3em&#8221; alter_height=&#8221;none&#8221; hide_on_mobile=&#8221;&#8221;][\/vc_column][vc_column width=&#8221;1\/2&#8243;][vc_empty_space height=&#8221;3em&#8221; alter_height=&#8221;none&#8221; hide_on_mobile=&#8221;1,2&#8243;][vc_empty_space height=&#8221;3em&#8221; alter_height=&#8221;none&#8221; hide_on_mobile=&#8221;&#8221;][vc_empty_space height=&#8221;3em&#8221; alter_height=&#8221;none&#8221; hide_on_mobile=&#8221;&#8221;][\/vc_column][\/vc_row][vc_row gap=&#8221;35&#8243;][vc_column][vc_empty_space height=&#8221;3.6em&#8221; alter_height=&#8221;none&#8221; hide_on_mobile=&#8221;1,2&#8243;][\/vc_column][\/vc_row][vc_row css_animation=&#8221;slideInLeft&#8221;][vc_column width=&#8221;1\/2&#8243;][vc_empty_space height=&#8221;11em&#8221; alter_height=&#8221;none&#8221; hide_on_mobile=&#8221;1,2&#8243;][vc_single_image image=&#8221;1780&#8243; img_size=&#8221;full&#8221; alignment=&#8221;center&#8221; onclick=&#8221;custom_link&#8221; img_link_target=&#8221;_blank&#8221; css_animation=&#8221;none&#8221; link=&#8221;https:\/\/www.pezzutti.it\/&#8221;][\/vc_column][vc_column width=&#8221;1\/2&#8243;][vc_empty_space height=&#8221;3em&#8221; alter_height=&#8221;none&#8221; hide_on_mobile=&#8221;1,2&#8243;][vc_single_image image=&#8221;1544&#8243; img_size=&#8221;medium&#8221; alignment=&#8221;center&#8221;][\/vc_column][\/vc_row][vc_row gap=&#8221;35&#8243;][vc_column][vc_empty_space height=&#8221;3.6em&#8221; alter_height=&#8221;none&#8221; hide_on_mobile=&#8221;1,2&#8243;][vc_video link=&#8221;https:\/\/youtu.be\/jx5Vq5m_JBE?si=aEgWI4cpG_0wR1Px&#8221; align=&#8221;center&#8221;][vc_empty_space height=&#8221;3.6em&#8221; alter_height=&#8221;none&#8221;&hellip;<\/p>\n","protected":false},"author":1,"featured_media":0,"parent":0,"menu_order":0,"comment_status":"closed","ping_status":"closed","template":"","meta":{"footnotes":""},"class_list":["post-1498","page","type-page","status-publish","hentry"],"_links":{"self":[{"href":"https:\/\/www.zoldoskiteam.it\/index.php?rest_route=\/wp\/v2\/pages\/1498","targetHints":{"allow":["GET"]}}],"collection":[{"href":"https:\/\/www.zoldoskiteam.it\/index.php?rest_route=\/wp\/v2\/pages"}],"about":[{"href":"https:\/\/www.zoldoskiteam.it\/index.php?rest_route=\/wp\/v2\/types\/page"}],"author":[{"embeddable":true,"href":"https:\/\/www.zoldoskiteam.it\/index.php?rest_route=\/wp\/v2\/users\/1"}],"replies":[{"embeddable":true,"href":"https:\/\/www.zoldoskiteam.it\/index.php?rest_route=%2Fwp%2Fv2%2Fcomments&post=1498"}],"version-history":[{"count":82,"href":"https:\/\/www.zoldoskiteam.it\/index.php?rest_route=\/wp\/v2\/pages\/1498\/revisions"}],"predecessor-version":[{"id":2350,"href":"https:\/\/www.zoldoskiteam.it\/index.php?rest_route=\/wp\/v2\/pages\/1498\/revisions\/2350"}],"wp:attachment":[{"href":"https:\/\/www.zoldoskiteam.it\/index.php?rest_route=%2Fwp%2Fv2%2Fmedia&parent=1498"}],"curies":[{"name":"wp","href":"https:\/\/api.w.org\/{rel}","templated":true}]}}